{"id":141,"date":"2024-09-10T12:29:20","date_gmt":"2024-09-10T09:29:20","guid":{"rendered":"https:\/\/www.bariskeklik.com\/de\/?page_id=141"},"modified":"2026-04-22T21:30:41","modified_gmt":"2026-04-22T18:30:41","slug":"uber-mich","status":"publish","type":"page","link":"https:\/\/www.bariskeklik.com\/de\/uber-mich\/","title":{"rendered":"\u00dcber Mich"},"content":{"rendered":"<h3>Erfahrung<\/h3>\n<ul>\n<li><strong>2013-2014<\/strong> \u2013 ATASEHIR AVICENNA KRANKENHAUS; ATA\u015eEH\u0130R \/ ISTANBUL \u2013 <strong>Vollzeit (Festangestellt)<\/strong><\/li>\n<li><strong>2013-2014<\/strong> \u2013 \u00d6ZEL FSM MEDIZINZENTRUM; \u00c7EKMEK\u00d6Y \/ KAVACIK \u2013 <strong>Teilzeit<\/strong><\/li>\n<li><strong>Januar 2016<\/strong> \u2013 LADONNA \u00c4STHETIK; ACIBADEM \/ ISTANBUL \u2013 <strong>Mitgr\u00fcnder<\/strong><\/li>\n<li><strong>November 2016<\/strong> \u2013 HIGHEND CLINIC; N\u0130\u015eANTA\u015eI \/ ISTANBUL \u2013 <strong>Mitgr\u00fcnder<\/strong><\/li>\n<\/ul>\n<h4><strong>Derzeit bietet er Dienstleistungen in seiner eigenen Klinik in Akasya Ac\u0131badem an.<\/strong><\/h4>\n<h3>Ausbildung<\/h3>\n<ul>\n<li>FNT Anadolu Gymnasium \u2013 Abitur 1996<\/li>\n<li>Marmara Universit\u00e4t, Medizinische Fakult\u00e4t \u2013 2004<\/li>\n<li>Istanbul Universit\u00e4t, Fakult\u00e4t f\u00fcr \u00c4sthetische, Plastische und Rekonstruktive Chirurgie \u2013 2011<\/li>\n<\/ul>\n<h3>F\u00e4higkeiten<\/h3>\n<ul>\n<li>Grundkurs Mikrochirurgie 2007 \u2013 Z\u00dcRICH, SCHWEIZ<\/li>\n<li>ANNUAL DALLAS RHINOPLASTY SYMPOSIUM<\/li>\n<li>AO CMF Principles Course 2011<\/li>\n<li>T\u00fcrkische Gesellschaft f\u00fcr Plastische, Rekonstruktive und \u00c4sthetische Chirurgie II. Rhinoplastikkurs<\/li>\n<li>Beobachter bei Bahman Guyuron, Case Western Reserve University, November 2011<\/li>\n<li>1. Eurasian Hands-On Kadaverkurs, 7.\u201310. M\u00e4rz 2014, Wien (Gesichtschirurgie)<\/li>\n<li>Melbourne Advanced Facial Anatomy Course<\/li>\n<li>Las Vegas, USA 2016<\/li>\n<\/ul>\n<h3>Referenzen<\/h3>\n<p><strong>Teilnahme an Kongressen und Tagungen:<\/strong><\/p>\n<ul>\n<li>30. Nationaler Kongress f\u00fcr Plastische, Rekonstruktive und \u00c4sthetische Chirurgie, 15.\u201319. Oktober 2008, Antalya<\/li>\n<li>31. Nationaler Kongress f\u00fcr Plastische, Rekonstruktive und \u00c4sthetische Chirurgie, 17.\u201321. Oktober 2009, Adana<\/li>\n<li>32. Nationaler TPRECD-Kongress, 15.\u201319. September 2010<\/li>\n<li>13th Turkish Society of Aesthetic Plastic Surgery Congress &amp; ISASPS Course, 19.\u201322. Juni 2009<\/li>\n<li>14. Kongress der T\u00fcrkischen Gesellschaft f\u00fcr \u00c4sthetische und Plastische Chirurgie, 17.\u201320. Juni 2010, Istanbul<\/li>\n<li>TPRECD I. Rhinoplastikkurs, Cerrahpa\u015fa Medizinische Fakult\u00e4t, 24. April 2008, Istanbul<\/li>\n<li>3rd International Eurasian Aesthetic Surgery Course, 24.\u201326. Juni 2011, Hilton Hotel, Istanbul<\/li>\n<li>Istanbul International Rhinoplasty Course, 24.\u201326. Juni 2011, Hilton Hotel, Istanbul<\/li>\n<li>TPRECD II. Rhinoplastikkurs, 24.\u201326. April, Ankara<\/li>\n<li>TPRECD Winter Symposium und Prof. Dr. Halit Ziya Konuralp Konferenz, 16.\u201319. M\u00e4rz 2006, Silivri \/ Istanbul<\/li>\n<li>Cerrahpa\u015fa Plastische Chirurgie Tage: Lappenchirurgie, 27.\u201328. Mai 2011<\/li>\n<li>Reconstructive Microsurgery Association: \u201eWahl der Empf\u00e4ngergef\u00e4\u00dfe und Probleml\u00f6sungen in der Mikrochirurgie,\u201c 19. Mai 2007<\/li>\n<li>1. Nationaler Kongress der Gesellschaft f\u00fcr Kiefer- und Gesichtschirurgie, 29. April \u2013 1. Mai 2011, Istanbul<\/li>\n<li>13. Nationaler Kongress f\u00fcr Hand- und Oberextremit\u00e4tenchirurgie, 23.\u201326. Mai 2012<\/li>\n<li>17. Nationaler Kongress der Gesellschaft f\u00fcr \u00c4sthetische und Plastische Chirurgie, 12.\u201313. Januar 2013<\/li>\n<li>International Eurasian Aesthetic Surgery and Rhinoplasty Course, 16.\u201319. Juni 2016<\/li>\n<li>The Aesthetic Meeting, Las Vegas 2016<\/li>\n<li>Kurs: Osteotomien und dorsale Formgebung bei Rhinoplastik, 1. Oktober 2016<\/li>\n<\/ul>\n<h3>Wissenschaftliche Publikationen<\/h3>\n<ul>\n<li>Replantation einer Kopfhautavulsion nach einem Go-Kart-Unfall: Ein Fallbericht. G\u00fcven E, Ba\u015faran K, Meyzin I, Keklik B, Emekli U. Ulus Travma Acil Cerrahi Derg. M\u00e4rz 2011; 17(2):177-9.<\/li>\n<li>Basalzellkarzinom bei einem Kind. Kuvat SV, G\u00fccin Z, Keklik B, Ozyalva\u00e7l\u0131 G, Ba\u015faran K. J Skin Cancer. 2011; 2011:752901. Epub 22. September 2010.<\/li>\n<li>Verz\u00f6gerte Depithelisierung der Brustwandhaut: Eine vorsichtige Herangehensweise bei der Rekonstruktion mit Perforatorlappen. Guven E, Ozden BC, Basaran K, Keklik B. Microsurgery. Okt. 2010; 30(7):589-90.<\/li>\n<li>Einfluss der Injektion von Botulinumtoxin auf den Musculus pterygoideus lateralis zusammen mit Arthroskopie bei Patienten mit anteriorer Diskverlagerung im Kiefergelenk. Arinci A, G\u00fcven E, Yazar M, Ba\u015faran K, Keklik B. Kulak Burun Bogaz Ihtis Derg. Mai-Juni 2009; 19(3):122-9.<\/li>\n<li>Arthrozentese vs. nicht-chirurgische Methoden zur Behandlung von Kiefergelenk-Diskverlagerung ohne Reposition. Dira\u00e7o\u011flu D, Saral IB, Keklik B, Kurt H, Emekli U, Oz\u00e7akar L, Karan A, Aksoy C. Oral Surg Oral Med Oral Pathol Oral Radiol Endod. Juli 2009; 108(1):3-8. Epub 9. M\u00e4rz 2009.<\/li>\n<li>Eine neue Idee zur Behandlung interner Kiefergelenkst\u00f6rungen: Reparatur der Diskus mit Zellbesiedlung. Alper Mete U\u011furlu, Bar\u0131\u015f Keklik, Hasan Utkan Ayd\u0131n, Demirhan D\u0131ra\u00e7o\u011flu. Journal of Physical Medicine and Rehabilitation Sciences, Bd. 12, Nr. 2, August 2009.<\/li>\n<li>Rekonstruktion von Brustwanddefekten bei Frauen mit Brustfortschrittslappen. Atakan AYDIN, Erdem G\u00dcVEN, Bar\u0131\u015f KEKL\u0130K, Karaca BA\u015eARAN, Berker \u00d6ZKAN. Trakya University Medical Journal. 2009; 26(2):130-133.<\/li>\n<li>Dekubitus der Stirn als Komplikation einer Mittelohrchirurgie. Aylin Karabulut, Baris Keklik, Karaca Basaran, Omer Berkoz, Burcu Ozden. European Journal of Plastic Surgery, Juli 2008; 31(3):151-152.<\/li>\n<li>Posterior tibial artery cross-leg perforator flap: Ein Fallbericht. Keklik B, Ba\u015faran K, Yazar S, Meyzin I, G\u00fcven E, Kuvat N, Kuvat SV. Int J Low Extrem Wounds. Juni 2012; 11(2):77-9. doi:10.1177\/1534734612444123. Epub 20. April 2012.<\/li>\n<li>Schwere Komplikationen im Spendergebiet nach mandibul\u00e4rer Rekonstruktion mit freiem fibul\u00e4rem Lappen: Pseudo-Kompartmentsyndrom. Kuvat SV, Keklik B, \u00d6zden BC, U\u00e7ar A, Cizmeci O. J Craniofac Surg. M\u00e4rz 2012; 23(2):499-501. doi:10.1097\/SCS.0b013e31824cd452.<\/li>\n<\/ul>\n<p><img loading=\"lazy\" decoding=\"async\" class=\"size-large wp-image-868 aligncenter\" src=\"https:\/\/www.bariskeklik.com\/wp-content\/uploads\/2026\/04\/dr_baris_keklik-1024x719.png\" alt=\"\" width=\"1024\" height=\"719\" \/><\/p>\n","protected":false},"excerpt":{"rendered":"<p>Erfahrung 2013-2014 \u2013 ATASEHIR AVICENNA KRANKENHAUS; ATA\u015eEH\u0130R \/ ISTANBUL \u2013 Vollzeit (Festangestellt) 2013-2014 \u2013 \u00d6ZEL FSM MEDIZINZENTRUM; \u00c7EKMEK\u00d6Y \/ KAVACIK \u2013 Teilzeit Januar 2016 \u2013 LADONNA \u00c4STHETIK; ACIBADEM \/ ISTANBUL \u2013 Mitgr\u00fcnder November 2016 \u2013 HIGHEND CLINIC; N\u0130\u015eANTA\u015eI \/ ISTANBUL \u2013 Mitgr\u00fcnder Derzeit bietet er Dienstleistungen in seiner eigenen Klinik in Akasya Ac\u0131badem an. Ausbildung [&hellip;]<\/p>\n","protected":false},"author":1,"featured_media":683,"parent":0,"menu_order":0,"comment_status":"closed","ping_status":"closed","template":"template\/hakkimizda.php","meta":{"footnotes":""},"class_list":["post-141","page","type-page","status-publish","has-post-thumbnail","hentry"],"_links":{"self":[{"href":"https:\/\/www.bariskeklik.com\/de\/wp-json\/wp\/v2\/pages\/141","targetHints":{"allow":["GET"]}}],"collection":[{"href":"https:\/\/www.bariskeklik.com\/de\/wp-json\/wp\/v2\/pages"}],"about":[{"href":"https:\/\/www.bariskeklik.com\/de\/wp-json\/wp\/v2\/types\/page"}],"author":[{"embeddable":true,"href":"https:\/\/www.bariskeklik.com\/de\/wp-json\/wp\/v2\/users\/1"}],"replies":[{"embeddable":true,"href":"https:\/\/www.bariskeklik.com\/de\/wp-json\/wp\/v2\/comments?post=141"}],"version-history":[{"count":5,"href":"https:\/\/www.bariskeklik.com\/de\/wp-json\/wp\/v2\/pages\/141\/revisions"}],"predecessor-version":[{"id":741,"href":"https:\/\/www.bariskeklik.com\/de\/wp-json\/wp\/v2\/pages\/141\/revisions\/741"}],"wp:featuredmedia":[{"embeddable":true,"href":"https:\/\/www.bariskeklik.com\/de\/wp-json\/wp\/v2\/media\/683"}],"wp:attachment":[{"href":"https:\/\/www.bariskeklik.com\/de\/wp-json\/wp\/v2\/media?parent=141"}],"curies":[{"name":"wp","href":"https:\/\/api.w.org\/{rel}","templated":true}]}}