{"id":141,"date":"2024-09-10T12:29:20","date_gmt":"2024-09-10T09:29:20","guid":{"rendered":"https:\/\/www.bariskeklik.com\/en\/?page_id=141"},"modified":"2026-04-22T21:30:35","modified_gmt":"2026-04-22T18:30:35","slug":"about-us","status":"publish","type":"page","link":"https:\/\/www.bariskeklik.com\/en\/about-us\/","title":{"rendered":"About Us"},"content":{"rendered":"<h3>Experience<\/h3>\n<p>\u201c2013-2014 \u2013 ATASEH\u0130R AV\u0130CENNA HOSPITAL; ATA\u015eEH\u0130R \/ ISTANBUL \u2013 FULL-TIME STAFF\u201d<br \/>\n\u201c2013-2014 \u2013 \u00d6ZEL FSM MEDICAL CENTER; \u00c7EKMEK\u00d6Y \/ KAVACIK \u2013 PART-TIME\u201d<br \/>\n\u201cJANUARY 2016 \u2013 LADONNA ESTHETICS; ACIBADEM \/ ISTANBUL \u2013 CO-FOUNDER\u201d<br \/>\n\u201cNOVEMBER 2016 \u2013 HIGHEND CLINIC; N\u0130\u015eANTA\u015eI \/ ISTANBUL \u2013 CO-FOUNDER\u201d<\/p>\n<h4><strong>Currently provides services at his own clinic at Akasya Ac\u0131badem.<\/strong><\/h4>\n<h3>Education<\/h3>\n<p>FNT Anatolian High School \u2013 High School 1996<br \/>\nMarmara University Faculty of Medicine \u2013 2004<br \/>\nIstanbul University Faculty of Medicine, Department of Aesthetic, Plastic and Reconstructive Surgery \u2013 2011<\/p>\n<h3>Skills<\/h3>\n<p>Basic Microsurgery Course 2007-ZURICH-SWITZERLAND<br \/>\nANNUAL DALLAS RHINOPLASTY SYMPOSIUM AO CMF Principles Course 2011<br \/>\nTurkish Society of Plastic Reconstructive and Aesthetic Surgery II. RHINOPLASTY COURSE<br \/>\nObserver at Case Western Reserve University with Bahman Guyuron in November 2011<br \/>\n1st Eurasian Hands On Cadaver Course 7-10 March 2014 Vienna (Facial Plastic Surgery)<br \/>\nMELBOURNE ADVANCED FACIAL ANATOMY COURSE Las Vegas; U.S.A 2016<\/p>\n<h3>References<\/h3>\n<p><strong>Congresses and Meetings Attended:<\/strong><\/p>\n<ul>\n<li>30th Turkish Plastic Reconstructive and Aesthetic Surgery National Congress 15-19 October 2008, Antalya<\/li>\n<li>31st Turkish Plastic Reconstructive and Aesthetic Surgery National Congress 17-21 October 2009, Adana<\/li>\n<li>32nd National TPRECD Congress 15-19 September 2010<\/li>\n<li>13th Turkish Society of Aesthetic Plastic Surgery Congress &amp; ISASPS Course 19-22 June 2009<\/li>\n<li>14th Turkish Aesthetic, Plastic Surgery Society Congress 17-20 June 2010, Istanbul<\/li>\n<li>TPRECD I. Rhinoplasty Course, Cerrahpa\u015fa Medical Faculty, 24 April 2008, Istanbul<\/li>\n<li>3rd International Eurasian Aesthetic Surgery Course, 24-26 June 2011, Hilton Hotel, Istanbul<\/li>\n<li>Istanbul International Rhinoplasty Course, 24-26 June 2011, Hilton Hotel, Istanbul<\/li>\n<li>Turkish Plastic Reconstructive and Aesthetic Surgery Society II. RHINOPLASTY COURSE 24-26 April, Ankara<\/li>\n<li>Turkish Plastic Reconstructive and Aesthetic Surgery Winter Symposium and Prof. Dr. Halit Ziya Konuralp Conference, Maxillofacial Surgery Recent Developments 16-19 March 2006 Silivri\/Istanbul<\/li>\n<li>Cerrahpa\u015fa Plastic Surgery Days Flap Surgery 27-28 May 2011<\/li>\n<li>RECONSTRUCTIVE MICROSURGERY ASSOCIATION &#8220;Selection of recipient vessels in microsurgery and solutions to encountered problems&#8221; 19 MAY 2007<\/li>\n<li>Jaw and Facial Surgeons Association 1st NATIONAL CONGRESS 29 April-01 May 2011 Istanbul<\/li>\n<li>13th National Hand and Upper Extremity Surgery Congress 23-26 May 2012<\/li>\n<li>Aesthetic Plastic Surgery Society 17th National Congress 12-13 January 2013<\/li>\n<li>International Eurasian Aesthetic Surgery and Rhinoplasty Course 16-19 June 2016<\/li>\n<li>The Aesthetic Meeting; Las Vegas 2016<\/li>\n<li>Osteotomies and dorsal shaping course in rhinoplasty 1 October 2016<\/li>\n<\/ul>\n<h3>Scientific Publications<\/h3>\n<ul>\n<li>Replantation of scalp avulsion following a go-kart accident: a case report. G\u00fcven E, Ba\u015faran K, Meyzin I, Keklik B, Emekli U. Ulus Travma Acil Cerrahi Derg. 2011 Mar;17(2):177-9.<\/li>\n<li>Basal cell carcinoma in a child. Kuvat SV, G\u00fccin Z, Keklik B, Ozyalva\u00e7l\u0131 G, Ba\u015faran K. J Skin Cancer. 2011;2011:752901. Epub 2010 Sep 22.<\/li>\n<li>Delayed deepithelization of the chestwall skin: a cautious approach in perforator flap breast reconstruction. Guven E, Ozden BC, Basaran K, Keklik B. Microsurgery. 2010 Oct;30(7):589-90.<\/li>\n<li>Effect of injection of botulinum toxin on lateral pterygoid muscle used together with the arthroscopy in patients with anterior disk displacement of the temporomandibular joint. Arinci A, G\u00fcven E, Yazar M, Ba\u015faran K, Keklik B. Kulak Burun Bogaz Ihtis Derg. 2009 May-Jun;19(3):122-9.<\/li>\n<li>Arthrocentesis versus nonsurgical methods in the treatment of temporomandibular disc displacement without reduction. Dira\u00e7o\u011flu D, Saral IB, Keklik B, Kurt H, Emekli U, Oz\u00e7akar L, Karan A, Aksoy C. Oral Surg Oral Med Oral Pathol Oral Radiol Endod. 2009 Jul;108(1):3-8.<\/li>\n<li>A NEW IDEA ON THE TREATMENT OF TEMPOROMANDIBULAR INTERNAL DERANGEMENT: REPAIRING THE DISC WITH CELL SEEDING. Alper Mete U\u011furlu, Bar\u0131\u015f Keklik, Hasan Utkan Ayd\u0131n, Demirhan D\u0131ra\u00e7o\u011flu. Journal of Physical Medicine and Rehabilitation Sciences Volume:12 :2 August 2009<\/li>\n<li>Kad\u0131n Olgularda Toraks Duvar\u0131 Defektlerinin Meme \u0130lerletme Flepleri ile Onar\u0131m\u0131. Atakan AYDIN, Erdem G\u00dcVEN, Bar\u0131\u015f KEKL\u0130K, Karaca BA\u015eARAN, Berker \u00d6ZKAN Trakya \u00dcniversitesi T\u0131p Fak\u00fcltesi Dergisi 2009, Cilt 26, Say\u0131 2, Sayfa(lar) 130-133<\/li>\n<li>Pressure sore of the forehead as a complication of middle ear surgery. Aylin Karabulut, Baris Keklik, Karaca Basaran, Omer Berkoz, Burcu Ozden European Journal of Plastic Surgery, Vol. 31, No. 3. (July 2008), pp. 151-152.<\/li>\n<li>Posterior tibial artery cross-leg perforator flap: a case report. Keklik B, Ba\u015faran K, Yazar S, Meyzin I, G\u00fcven E, Kuvat N, Kuvat SV. Int J Low Extrem Wounds. 2012 Jun;11(2):77-9.<\/li>\n<li>Major donor area complication after a mandibular reconstruction with an osseous fibular free flap: pseudo-compartment syndrome. Kuvat SV, Keklik B, \u00d6zden BC, U\u00e7ar A, Cizmeci O. J Craniofac Surg. 2012 Mar;23(2):499-501.<\/li>\n<\/ul>\n<p><img loading=\"lazy\" decoding=\"async\" class=\"size-large wp-image-868 aligncenter\" src=\"https:\/\/www.bariskeklik.com\/wp-content\/uploads\/2026\/04\/dr_baris_keklik-1024x719.png\" alt=\"\" width=\"1024\" height=\"719\" \/><\/p>\n","protected":false},"excerpt":{"rendered":"<p>Experience \u201c2013-2014 \u2013 ATASEH\u0130R AV\u0130CENNA HOSPITAL; ATA\u015eEH\u0130R \/ ISTANBUL \u2013 FULL-TIME STAFF\u201d \u201c2013-2014 \u2013 \u00d6ZEL FSM MEDICAL CENTER; \u00c7EKMEK\u00d6Y \/ KAVACIK \u2013 PART-TIME\u201d \u201cJANUARY 2016 \u2013 LADONNA ESTHETICS; ACIBADEM \/ ISTANBUL \u2013 CO-FOUNDER\u201d \u201cNOVEMBER 2016 \u2013 HIGHEND CLINIC; N\u0130\u015eANTA\u015eI \/ ISTANBUL \u2013 CO-FOUNDER\u201d Currently provides services at his own clinic at Akasya Ac\u0131badem. Education FNT [&hellip;]<\/p>\n","protected":false},"author":1,"featured_media":764,"parent":0,"menu_order":0,"comment_status":"closed","ping_status":"closed","template":"template\/hakkimizda.php","meta":{"footnotes":""},"class_list":["post-141","page","type-page","status-publish","has-post-thumbnail","hentry"],"_links":{"self":[{"href":"https:\/\/www.bariskeklik.com\/en\/wp-json\/wp\/v2\/pages\/141","targetHints":{"allow":["GET"]}}],"collection":[{"href":"https:\/\/www.bariskeklik.com\/en\/wp-json\/wp\/v2\/pages"}],"about":[{"href":"https:\/\/www.bariskeklik.com\/en\/wp-json\/wp\/v2\/types\/page"}],"author":[{"embeddable":true,"href":"https:\/\/www.bariskeklik.com\/en\/wp-json\/wp\/v2\/users\/1"}],"replies":[{"embeddable":true,"href":"https:\/\/www.bariskeklik.com\/en\/wp-json\/wp\/v2\/comments?post=141"}],"version-history":[{"count":1,"href":"https:\/\/www.bariskeklik.com\/en\/wp-json\/wp\/v2\/pages\/141\/revisions"}],"predecessor-version":[{"id":828,"href":"https:\/\/www.bariskeklik.com\/en\/wp-json\/wp\/v2\/pages\/141\/revisions\/828"}],"wp:featuredmedia":[{"embeddable":true,"href":"https:\/\/www.bariskeklik.com\/en\/wp-json\/wp\/v2\/media\/764"}],"wp:attachment":[{"href":"https:\/\/www.bariskeklik.com\/en\/wp-json\/wp\/v2\/media?parent=141"}],"curies":[{"name":"wp","href":"https:\/\/api.w.org\/{rel}","templated":true}]}}