{"id":148,"date":"2024-09-10T12:34:08","date_gmt":"2024-09-10T09:34:08","guid":{"rendered":"https:\/\/www.bariskeklik.com\/en\/?page_id=148"},"modified":"2026-03-31T14:30:47","modified_gmt":"2026-03-31T11:30:47","slug":"contact","status":"publish","type":"page","link":"https:\/\/www.bariskeklik.com\/en\/contact\/","title":{"rendered":"Contact"},"content":{"rendered":"<div class=\"row\">\n<div class=\"col-md-6\"><iframe loading=\"lazy\" style=\"border: 0;\" src=\"https:\/\/www.google.com\/maps\/embed?pb=!1m14!1m8!1m3!1d6022.144847014742!2d29.055488999999998!3d41.001788!3m2!1i1024!2i768!4f13.1!3m3!1m2!1s0x14cabba09d0d75f9%3A0xc53729aae0d6fa67!2sOp.%20Dr.%20Bar%C4%B1%C5%9F%20Keklik%20%7C%20Turkey%20Breast%20Augmentation%20%7C%20Rhinoplasty%20%7C%20Thread%20Lift%20%7C%20Facelift%20%7C%20Cat%20Eye!5e0!3m2!1str!2str!4v1725960863697!5m2!1str!2str\" width=\"100%\" height=\"550\" allowfullscreen=\"allowfullscreen\"><\/iframe><\/div>\n<div class=\"col-md-6\">\n<h3>Contact Information<\/h3>\n<p><strong>Address:<\/strong> Te\u015fvikiye, \u015eakay\u0131k Sk. Hera Apt No: 57 \u0130\u00e7 Kap\u0131 No: 3, 34365 \u015ei\u015fli\/\u0130stanbul<\/p>\n<p><strong>Phone: <\/strong><a href=\"tel:++905395556655\">\u00a0+90 539 555 66 55<\/a><\/p>\n<p><strong>Whatsapp :<\/strong>\u00a0<a href=\"https:\/\/api.whatsapp.com\/send?phone=905395556655&amp;text=Hello, I am reaching you via your website. I want to get detailed information about the subject.\" target=\"_blank\" rel=\"noopener\">+90 539 555 66 55<\/a><\/p>\n<p><strong>E-Mail :<\/strong><a href=\"mailto:info@bariskeklik.com\">info@bariskeklik.com<\/a><\/p>\n<\/div>\n<\/div>\n","protected":false},"excerpt":{"rendered":"<p>Contact Information Address: Te\u015fvikiye, \u015eakay\u0131k Sk. Hera Apt No: 57 \u0130\u00e7 Kap\u0131 No: 3, 34365 \u015ei\u015fli\/\u0130stanbul Phone: \u00a0+90 539 555 66 55 Whatsapp :\u00a0+90 539 555 66 55 E-Mail :info@bariskeklik.com<\/p>\n","protected":false},"author":1,"featured_media":764,"parent":0,"menu_order":0,"comment_status":"closed","ping_status":"closed","template":"","meta":{"footnotes":""},"class_list":["post-148","page","type-page","status-publish","has-post-thumbnail","hentry"],"_links":{"self":[{"href":"https:\/\/www.bariskeklik.com\/en\/wp-json\/wp\/v2\/pages\/148","targetHints":{"allow":["GET"]}}],"collection":[{"href":"https:\/\/www.bariskeklik.com\/en\/wp-json\/wp\/v2\/pages"}],"about":[{"href":"https:\/\/www.bariskeklik.com\/en\/wp-json\/wp\/v2\/types\/page"}],"author":[{"embeddable":true,"href":"https:\/\/www.bariskeklik.com\/en\/wp-json\/wp\/v2\/users\/1"}],"replies":[{"embeddable":true,"href":"https:\/\/www.bariskeklik.com\/en\/wp-json\/wp\/v2\/comments?post=148"}],"version-history":[{"count":2,"href":"https:\/\/www.bariskeklik.com\/en\/wp-json\/wp\/v2\/pages\/148\/revisions"}],"predecessor-version":[{"id":823,"href":"https:\/\/www.bariskeklik.com\/en\/wp-json\/wp\/v2\/pages\/148\/revisions\/823"}],"wp:featuredmedia":[{"embeddable":true,"href":"https:\/\/www.bariskeklik.com\/en\/wp-json\/wp\/v2\/media\/764"}],"wp:attachment":[{"href":"https:\/\/www.bariskeklik.com\/en\/wp-json\/wp\/v2\/media?parent=148"}],"curies":[{"name":"wp","href":"https:\/\/api.w.org\/{rel}","templated":true}]}}