{"id":141,"date":"2024-09-10T12:29:20","date_gmt":"2024-09-10T09:29:20","guid":{"rendered":"https:\/\/www.bariskeklik.com\/nl\/?page_id=141"},"modified":"2026-04-22T21:30:46","modified_gmt":"2026-04-22T18:30:46","slug":"over-mij","status":"publish","type":"page","link":"https:\/\/www.bariskeklik.com\/nl\/over-mij\/","title":{"rendered":"Over Mij"},"content":{"rendered":"<h3>Ervaring<\/h3>\n<p>\u201c2013-2014 \u2013 ATASEH\u0130R AV\u0130CENNA ZIEKENHUIS ; ATA\u015eEH\u0130R \/ ISTANBUL \u2013 VOLTIJDS\u201d<br \/>\n\u201c2013-2014 \u2013 \u00d6ZEL FSM MEDISCH CENTRUM ; \u00c7EKMEK\u00d6Y \/ KAVACIK \u2013 DEELTIJDS\u201d<br \/>\n\u201cJANUARI 2016 \u2013 LADONNA ESTHETIEK; ACIBADEM \/ ISTANBUL \u2013 MEDEOPRICHTER\u201d<br \/>\n\u201cNOVEMBER 2016 \u2013 HIGHEND CL\u0130N\u0130C; N\u0130\u015eANTA\u015eI \/ ISTANBUL \u2013 MEDEOPRICHTER\u201d<\/p>\n<h4><strong>Momenteel biedt hij\/zij diensten aan in zijn\/haar eigen kliniek in Akasya Ac\u0131badem.<\/strong><\/h4>\n<h3>Opleiding<\/h3>\n<p>FNT Anadolu Lisesi \u2013 Middelbare school 1996<br \/>\nMarmara Universiteit, Faculteit Geneeskunde \u2013 2004<br \/>\nIstanbul Universiteit, Afdeling Esthetische, Plastische en Reconstructieve Chirurgie \u2013 2011<\/p>\n<h3>Vaardigheden<\/h3>\n<p>Basis Microchirurgie Cursus 2007 &#8211; Z\u00dcRICH, ZWITSERLAND<br \/>\nANNUAL DALLAS RHINOPLASTY SYMPOSIUM<br \/>\nAO CMF Principles Course 2011<br \/>\nTurkse Vereniging voor Plastische, Reconstructieve en Esthetische Chirurgie II. RHINOPLASTIE CURSUS<br \/>\nObserver geweest bij Bahman Guyuron aan de Case Western Reserve Universiteit in november 2011.<br \/>\n1ste Eurasian Hands On Kadaver Cursus 7-10 maart 2014 Wenen (Facial Plastic Surgery)<br \/>\nMELBOURNE ADVANCED FACIAL ANATOMY COURSE<br \/>\nLas Vegas, VS 2016<\/p>\n<h3>Referenties<\/h3>\n<p><strong>Congressen en Bijeenkomsten:<\/strong><\/p>\n<ul>\n<li>30ste Nationale Congres voor Plastische, Reconstructieve en Esthetische Chirurgie, 15-19 oktober 2008, Antalya<\/li>\n<li>31ste Nationale Congres voor Plastische, Reconstructieve en Esthetische Chirurgie, 17-21 oktober 2009, Adana<\/li>\n<li>32ste Nationale TPRECD Congres, 15-19 september 2010<\/li>\n<li>13th Turkish Society of Aesthetic Plastic Surgery Congress &amp; ISASPS Course, 19-22 juni 2009<\/li>\n<li>14e Turkse Vereniging voor Esthetische en Plastische Chirurgie Congres, 17-20 juni 2010, Istanbul<\/li>\n<li>TPRECD I. Rhinoplastie Cursus, Cerrahpa\u015fa Universiteit, 24 april 2008, Istanbul<\/li>\n<li>3e International Eurasian Aesthetic Surgery Course, 24-26 juni 2011, Hilton Hotel, Istanbul<\/li>\n<li>Istanbul International Rhinoplasty Course, 24-26 juni 2011, Hilton Hotel, Istanbul<\/li>\n<li>Turkse Vereniging voor Plastische, Reconstructieve en Esthetische Chirurgie II. RHINOPLASTIE CURSUS, 24-26 april, Ankara<\/li>\n<li>Winter Symposium van de Turkse Vereniging voor Plastische, Reconstructieve en Esthetische Chirurgie en Prof. Dr. Halit Ziya Konuralp Conferentie, 16-19 maart 2006, Silivri\/Istanbul<\/li>\n<li>Cerrahpa\u015fa Plastische Chirurgiedagen Flep Chirurgie, 27-28 mei 2011<\/li>\n<li>RECONSTRUCTIEVE MICROCHIRURGIE VERENIGING: \u201cKeuze van ontvanger vaten en oplossingen voor problemen bij microchirurgie\u201d 19 mei 2007<\/li>\n<li>Kiefer- en Aangezichtschirurgen Vereniging 1e NATIONALE CONGRES, 29 april-1 mei 2011, Istanbul<\/li>\n<li>13e Nationale Hand- en Bovenste Extremiteit Chirurgie Congres, 23-26 mei 2012<\/li>\n<li>17e Nationale Congres van de Vereniging voor Esthetische Plastische Chirurgie, 12-13 januari 2013<\/li>\n<li>International Eurasian Aesthetic Surgery and Rhinoplasty Course, 16-19 juni 2016<\/li>\n<li>The Aesthetic Meeting, Las Vegas 2016<\/li>\n<li>Osteotomie\u00ebn en dorsale contourering bij rhinoplastiek cursus, 1 oktober 2016<\/li>\n<\/ul>\n<h3>Wetenschappelijke Publicaties<\/h3>\n<ul>\n<li>Replantatie van een hoofdhuid avulsie na een kartongeluk: een casusrapport. G\u00fcven E, Ba\u015faran K, Meyzin I, Keklik B, Emekli U. Ulus Travma Acil Cerrahi Derg. 2011 Mar;17(2):177-9.\u200b<\/li>\n<li>Basalecelcarcinoom bij een kind. Kuvat SV, G\u00fccin Z, Keklik B, Ozyalva\u00e7l\u0131 G, Ba\u015faran K. J Skin Cancer. 2011;2011:752901. Epub 2010 Sep 22.<\/li>\n<li>Vertraagde diepepithelisatie van de borstwandhuid: een voorzichtige benadering bij perforator flap borst reconstructie. Guven E, Ozden BC, Basaran K, Keklik B. Microsurgery. 2010 Oct;30(7):589-90.<\/li>\n<li>Effect van botulinumtoxine injectie op de laterale pterygoid spier in combinatie met artroscopie bij pati\u00ebnten met anterieure schijfindaling van het kaakgewricht. Arinci A, G\u00fcven E, Yazar M, Ba\u015faran K, Keklik B. Kulak Burun Bogaz Ihtis Derg. 2009 May-Jun;19(3):122-9.<\/li>\n<li>Arthrocentese versus niet-chirurgische methoden bij de behandeling van temporomandibulaire schijfindaling zonder reductie. Dira\u00e7o\u011flu D, Saral IB, Keklik B, Kurt H, Emekli U, Oz\u00e7akar L, Karan A, Aksoy C. Oral Surg Oral Med Oral Pathol Oral Radiol Endod. 2009 Jul;108(1):3-8. Epub 2009 Mar 9.<\/li>\n<li>Een nieuw idee voor de behandeling van temporomandibulaire interne verstoring: het repareren van de schijf met celimplantatie. Alper Mete U\u011furlu, Bar\u0131\u015f Keklik, Hasan Utkan Ayd\u0131n, Demirhan D\u0131ra\u00e7o\u011flu. Journal of Physical Medicine and Rehabilitation Sciences, Volume 12:2, augustus 2009<\/li>\n<li>Reparatie van thoraxwanddefecten bij vrouwen met borstvoetflappen. Atakan Ayd\u0131n, Erdem G\u00fcven, Bar\u0131\u015f Keklik, Karaca Ba\u015faran, Berker \u00d6zkan. Trakya University Medical Journal 2009, Volume 26, Issue 2, pp. 130-133<\/li>\n<li>Voorhoofd drukzweer als complicatie van middenooroperatie. Aylin Karabulut, Baris Keklik, Karaca Basaran, Omer Berkoz, Burcu Ozden. European Journal of Plastic Surgery, Vol. 31, No. 3, juli 2008, pp. 151-152.<\/li>\n<li>Posterior tibial artery cross-leg perforator flap: een casusrapport. Keklik B, Ba\u015faran K, Yazar S, Meyzin I, G\u00fcven E, Kuvat N, Kuvat SV. Int J Low Extrem Wounds. 2012 Jun;11(2):77-9. doi: 10.1177\/1534734612444123. Epub 2012 Apr 20.<\/li>\n<li>Grote donorplaats complicatie na mandibulaire reconstructie met een ossale fibulaire vrije flap: pseudo-compartimentsyndroom. Kuvat SV, Keklik B, \u00d6zden BC, U\u00e7ar A, Cizmeci O. J Craniofac Surg. 2012 Mar;23(2):499-501. doi: 10.1097\/SCS.0b013e31824cd452.<\/li>\n<\/ul>\n<p><img loading=\"lazy\" decoding=\"async\" class=\"size-large wp-image-868 aligncenter\" src=\"https:\/\/www.bariskeklik.com\/wp-content\/uploads\/2026\/04\/dr_baris_keklik-1024x719.png\" alt=\"\" width=\"1024\" height=\"719\" \/><\/p>\n","protected":false},"excerpt":{"rendered":"<p>Ervaring \u201c2013-2014 \u2013 ATASEH\u0130R AV\u0130CENNA ZIEKENHUIS ; ATA\u015eEH\u0130R \/ ISTANBUL \u2013 VOLTIJDS\u201d \u201c2013-2014 \u2013 \u00d6ZEL FSM MEDISCH CENTRUM ; \u00c7EKMEK\u00d6Y \/ KAVACIK \u2013 DEELTIJDS\u201d \u201cJANUARI 2016 \u2013 LADONNA ESTHETIEK; ACIBADEM \/ ISTANBUL \u2013 MEDEOPRICHTER\u201d \u201cNOVEMBER 2016 \u2013 HIGHEND CL\u0130N\u0130C; N\u0130\u015eANTA\u015eI \/ ISTANBUL \u2013 MEDEOPRICHTER\u201d Momenteel biedt hij\/zij diensten aan in zijn\/haar eigen kliniek in Akasya [&hellip;]<\/p>\n","protected":false},"author":1,"featured_media":690,"parent":0,"menu_order":0,"comment_status":"closed","ping_status":"closed","template":"template\/hakkimizda.php","meta":{"footnotes":""},"class_list":["post-141","page","type-page","status-publish","has-post-thumbnail","hentry"],"_links":{"self":[{"href":"https:\/\/www.bariskeklik.com\/nl\/wp-json\/wp\/v2\/pages\/141","targetHints":{"allow":["GET"]}}],"collection":[{"href":"https:\/\/www.bariskeklik.com\/nl\/wp-json\/wp\/v2\/pages"}],"about":[{"href":"https:\/\/www.bariskeklik.com\/nl\/wp-json\/wp\/v2\/types\/page"}],"author":[{"embeddable":true,"href":"https:\/\/www.bariskeklik.com\/nl\/wp-json\/wp\/v2\/users\/1"}],"replies":[{"embeddable":true,"href":"https:\/\/www.bariskeklik.com\/nl\/wp-json\/wp\/v2\/comments?post=141"}],"version-history":[{"count":5,"href":"https:\/\/www.bariskeklik.com\/nl\/wp-json\/wp\/v2\/pages\/141\/revisions"}],"predecessor-version":[{"id":745,"href":"https:\/\/www.bariskeklik.com\/nl\/wp-json\/wp\/v2\/pages\/141\/revisions\/745"}],"wp:featuredmedia":[{"embeddable":true,"href":"https:\/\/www.bariskeklik.com\/nl\/wp-json\/wp\/v2\/media\/690"}],"wp:attachment":[{"href":"https:\/\/www.bariskeklik.com\/nl\/wp-json\/wp\/v2\/media?parent=141"}],"curies":[{"name":"wp","href":"https:\/\/api.w.org\/{rel}","templated":true}]}}